{"id":67,"date":"2022-12-12T11:33:12","date_gmt":"2022-12-12T10:33:12","guid":{"rendered":"http:\/\/barakozart.fr\/?page_id=67"},"modified":"2022-12-26T11:44:01","modified_gmt":"2022-12-26T10:44:01","slug":"lassociation","status":"publish","type":"page","link":"https:\/\/barakozart.fr\/index.php\/lassociation\/","title":{"rendered":"L&#8217;association"},"content":{"rendered":"\n<div style=\"height:20px\" aria-hidden=\"true\" class=\"wp-block-spacer\"><\/div>\n\n\n\n<div class=\"wp-block-columns is-layout-flex wp-container-core-columns-is-layout-9d6595d7 wp-block-columns-is-layout-flex\">\n<div class=\"wp-block-column is-layout-flow wp-block-column-is-layout-flow\" style=\"flex-basis:30%\"><\/div>\n\n\n\n<div class=\"wp-block-column is-vertically-aligned-center is-layout-flow wp-block-column-is-layout-flow\" style=\"flex-basis:40%\">\n<hr class=\"wp-block-separator has-text-color has-nv-c-2-color has-alpha-channel-opacity has-nv-c-2-background-color has-background is-style-default\"\/>\n\n\n\n<p class=\"has-text-align-center has-neve-link-hover-color-color has-text-color\" style=\"font-size:14px;font-style:normal;font-weight:400;text-transform:none\"> <em>\u201cLa seule mani\u00e8re de prot\u00e9ger sa culture,<\/em><br><em>c&#8217;est d&#8217;accepter de la mettre en danger.\u201d<\/em><br>[<strong>Paul Andreu<\/strong>]<\/p>\n\n\n\n<hr class=\"wp-block-separator has-text-color has-nv-c-2-color has-alpha-channel-opacity has-nv-c-2-background-color has-background is-style-default\"\/>\n<\/div>\n\n\n\n<div class=\"wp-block-column is-layout-flow wp-block-column-is-layout-flow\" style=\"flex-basis:30%\"><\/div>\n<\/div>\n\n\n\n<h5 class=\"has-text-align-left has-neve-link-color-color has-text-color wp-block-heading\">&#8220;Agitateurs culturels en milieu rural&#8221;<\/h5>\n\n\n\n<p>L\u2019association Parenth\u00e8se, cr\u00e9\u00e9e en 1991, rena\u00eet en 2006 apr\u00e8s quelques ann\u00e9es de sommeil, pouss\u00e9e par une nouvelle \u00e9quipe autour de Patrick Vidal (qui fut de la premi\u00e8re &#8220;\u00e9pop\u00e9e&#8221;).<br>Elle s\u2019est donn\u00e9e pour mission la promotion de la culture sous toutes ses formes, dans le village recul\u00e9 et forestier de St-Quirin (Moselle Sud), pour apporter les spectacle et la culture au plus pr\u00e8s des habitants.<\/p>\n\n\n<div class=\"wp-block-image\">\n<figure class=\"aligncenter size-large\"><img loading=\"lazy\" decoding=\"async\" width=\"1024\" height=\"312\" src=\"http:\/\/barakozart.fr\/wp-content\/uploads\/2022\/12\/05-1-1024x312.jpg\" alt=\"\" class=\"wp-image-296\" srcset=\"https:\/\/barakozart.fr\/wp-content\/uploads\/2022\/12\/05-1-1024x312.jpg 1024w, https:\/\/barakozart.fr\/wp-content\/uploads\/2022\/12\/05-1-300x91.jpg 300w, https:\/\/barakozart.fr\/wp-content\/uploads\/2022\/12\/05-1-768x234.jpg 768w, https:\/\/barakozart.fr\/wp-content\/uploads\/2022\/12\/05-1-1536x467.jpg 1536w, https:\/\/barakozart.fr\/wp-content\/uploads\/2022\/12\/05-1.jpg 2041w\" sizes=\"auto, (max-width: 1024px) 100vw, 1024px\" \/><\/figure>\n<\/div>\n\n\n<div style=\"height:20px\" aria-hidden=\"true\" class=\"wp-block-spacer\"><\/div>\n\n\n\n<div class=\"wp-block-columns is-layout-flex wp-container-core-columns-is-layout-9d6595d7 wp-block-columns-is-layout-flex\">\n<div class=\"wp-block-column is-layout-flow wp-block-column-is-layout-flow\" style=\"flex-basis:70%\">\n<p>Quelques manifestations culturelles sont organis\u00e9es chaque ann\u00e9e, pour s&#8217;adresser id\u00e9alement \u00e0 un public large et diversifi\u00e9. Voil\u00e0 la liste de ce qu&#8217;a pu proposer l&#8217;\u00e9quipe Parenth\u00e8se depuis toutes ces ann\u00e9es (\u00e0 raison de 4-5 \u00e9v\u00e9nements annuels) :<br>&#8211; des soir\u00e9es concerts de musiques actuelles<br>&#8211; des soir\u00e9es th\u00e9\u00e2tre (\u00e0 la salle des f\u00eates)<br>&#8211; le carnaval des enfants (de 2006 \u00e0 2018)<br>&#8211; des marches gourmandes en partenariat avec les autres associations du village (2006 \u00e0 2010)<br>&#8211; des ateliers d&#8217;initiations \u00e0 la musique pour la jeunesse<br>&#8211; des ateliers initiations cirques pour les enfants<br>&#8211; des spectacles enfants<br>&#8211; des projections-d\u00e9bats et une soir\u00e9e de projection du Cin\u00e9ma Voyageur<br>&#8211; des cours de musiques actuelles dans son local baptis\u00e9s &#8220;la Barakozart&#8221;<br>&#8211; un festival de Musiques actuelles depuis 2011, le FESTIVAL BARAKOZART (fin aout g\u00e9n\u00e9ralement)<br>&#8211; une participation \u00e0 l&#8217;organisation du march\u00e9 de No\u00ebl du village (en partenariat avec d&#8217;autres associations)<br><br>Si vous avez des id\u00e9es de projets \u00e0 d\u00e9velopper, des propositions de spectacles, de groupe, de troupes, n&#8217;h\u00e9sitez pas \u00e0 nous contacter :<br><br>            <em><strong>Adresse mail <\/strong>:<\/em><br>            <em>asso.parenthese (arobase) barakozart.fr<\/em><\/p>\n<\/div>\n\n\n\n<div class=\"wp-block-column is-vertically-aligned-top is-layout-flow wp-block-column-is-layout-flow\" style=\"flex-basis:30%\"><div class=\"wp-block-image\">\n<figure class=\"aligncenter size-full is-resized\"><img loading=\"lazy\" decoding=\"async\" src=\"http:\/\/barakozart.fr\/wp-content\/uploads\/2022\/12\/Logo-Parenthese_Fd-Transparent-1.png\" alt=\"\" class=\"wp-image-211\" width=\"154\" height=\"147\" srcset=\"https:\/\/barakozart.fr\/wp-content\/uploads\/2022\/12\/Logo-Parenthese_Fd-Transparent-1.png 443w, https:\/\/barakozart.fr\/wp-content\/uploads\/2022\/12\/Logo-Parenthese_Fd-Transparent-1-300x288.png 300w\" sizes=\"auto, (max-width: 154px) 100vw, 154px\" \/><\/figure>\n<\/div>\n\n\n<div style=\"height:20px\" aria-hidden=\"true\" class=\"wp-block-spacer\"><\/div>\n\n\n\n<p class=\"has-text-align-center has-neve-link-hover-color-color has-text-color has-small-font-size\"><strong>Association Parenth\u00e8se<\/strong><br>118h chemin de la Croix des Missions<br>57560 Saint-Quirin<br><br><strong>N\u00b0 de SIRET :<\/strong><br>817 801 269 00017<br><br>Pr\u00e9sident : Michel KUBLER<br>Tr\u00e9sorier : Patrick VIDAL<\/p>\n<\/div>\n<\/div>\n\n\n\n<div class=\"wp-block-columns are-vertically-aligned-center is-layout-flex wp-container-core-columns-is-layout-9d6595d7 wp-block-columns-is-layout-flex\">\n<div class=\"wp-block-column is-vertically-aligned-center is-layout-flow wp-block-column-is-layout-flow\" style=\"flex-basis:50%\">\n<figure class=\"wp-block-image size-full is-resized\"><img loading=\"lazy\" decoding=\"async\" src=\"http:\/\/barakozart.fr\/wp-content\/uploads\/2022\/12\/Carnaval03.jpg\" alt=\"\" class=\"wp-image-322\" width=\"496\" height=\"330\" srcset=\"https:\/\/barakozart.fr\/wp-content\/uploads\/2022\/12\/Carnaval03.jpg 800w, https:\/\/barakozart.fr\/wp-content\/uploads\/2022\/12\/Carnaval03-300x200.jpg 300w, https:\/\/barakozart.fr\/wp-content\/uploads\/2022\/12\/Carnaval03-768x513.jpg 768w\" sizes=\"auto, (max-width: 496px) 100vw, 496px\" \/><\/figure>\n<\/div>\n\n\n\n<div class=\"wp-block-column is-layout-flow wp-block-column-is-layout-flow\" style=\"flex-basis:50%\"><div class=\"wp-block-image\">\n<figure class=\"aligncenter size-large is-resized\"><img loading=\"lazy\" decoding=\"async\" src=\"http:\/\/barakozart.fr\/wp-content\/uploads\/2022\/12\/07-2-1024x743.jpg\" alt=\"\" class=\"wp-image-325\" width=\"456\" height=\"330\" srcset=\"https:\/\/barakozart.fr\/wp-content\/uploads\/2022\/12\/07-2-1024x743.jpg 1024w, https:\/\/barakozart.fr\/wp-content\/uploads\/2022\/12\/07-2-300x218.jpg 300w, https:\/\/barakozart.fr\/wp-content\/uploads\/2022\/12\/07-2-768x557.jpg 768w, https:\/\/barakozart.fr\/wp-content\/uploads\/2022\/12\/07-2-1536x1115.jpg 1536w, https:\/\/barakozart.fr\/wp-content\/uploads\/2022\/12\/07-2-2048x1486.jpg 2048w\" sizes=\"auto, (max-width: 456px) 100vw, 456px\" \/><\/figure>\n<\/div><\/div>\n<\/div>\n\n\n\n<div class=\"wp-block-columns is-layout-flex wp-container-core-columns-is-layout-9d6595d7 wp-block-columns-is-layout-flex\">\n<div class=\"wp-block-column is-layout-flow wp-block-column-is-layout-flow\" style=\"flex-basis:30%\"><\/div>\n\n\n\n<div class=\"wp-block-column is-vertically-aligned-center is-layout-flow wp-block-column-is-layout-flow\" style=\"flex-basis:40%\">\n<hr class=\"wp-block-separator has-text-color has-nv-c-2-color has-alpha-channel-opacity has-nv-c-2-background-color has-background is-style-default\"\/>\n\n\n\n<p class=\"has-text-align-center has-neve-link-hover-color-color has-text-color\" style=\"font-size:14px;font-style:normal;font-weight:400;text-transform:none\">&#8220;<em>Je trouve que la t\u00e9l\u00e9vision est tr\u00e8s favorable \u00e0 la culture. Chaque fois que quelqu&#8217;un l&#8217;allume chez moi, je vais dans la pi\u00e8ce \u00e0 c\u00f4t\u00e9 et je lis.<\/em>&#8221;  [<strong>Groucho Marx<\/strong>]<\/p>\n\n\n\n<hr class=\"wp-block-separator has-text-color has-nv-c-2-color has-alpha-channel-opacity has-nv-c-2-background-color has-background is-style-default\"\/>\n<\/div>\n\n\n\n<div class=\"wp-block-column is-layout-flow wp-block-column-is-layout-flow\" style=\"flex-basis:30%\"><\/div>\n<\/div>\n","protected":false},"excerpt":{"rendered":"<p>\u201cLa seule mani\u00e8re de prot\u00e9ger sa culture,c&#8217;est d&#8217;accepter de la mettre en danger.\u201d[Paul Andreu] &#8220;Agitateurs culturels en milieu rural&#8221; L\u2019association Parenth\u00e8se, cr\u00e9\u00e9e en 1991, rena\u00eet en 2006 apr\u00e8s quelques ann\u00e9es de sommeil, pouss\u00e9e par une nouvelle \u00e9quipe autour de Patrick Vidal (qui fut de la premi\u00e8re &#8220;\u00e9pop\u00e9e&#8221;).Elle s\u2019est donn\u00e9e pour mission la promotion de la&hellip;&nbsp;<a href=\"https:\/\/barakozart.fr\/index.php\/lassociation\/\" class=\"\" rel=\"bookmark\">Read More &raquo;<span class=\"screen-reader-text\">L&#8217;association<\/span><\/a><\/p>\n","protected":false},"author":1,"featured_media":0,"parent":0,"menu_order":0,"comment_status":"closed","ping_status":"closed","template":"","meta":{"neve_meta_sidebar":"","neve_meta_container":"","neve_meta_enable_content_width":"","neve_meta_content_width":0,"neve_meta_title_alignment":"","neve_meta_author_avatar":"","neve_post_elements_order":"","neve_meta_disable_header":"","neve_meta_disable_footer":"","neve_meta_disable_title":"","_ti_tpc_template_sync":false,"_ti_tpc_template_id":"","footnotes":""},"class_list":["post-67","page","type-page","status-publish","hentry"],"_links":{"self":[{"href":"https:\/\/barakozart.fr\/index.php\/wp-json\/wp\/v2\/pages\/67","targetHints":{"allow":["GET"]}}],"collection":[{"href":"https:\/\/barakozart.fr\/index.php\/wp-json\/wp\/v2\/pages"}],"about":[{"href":"https:\/\/barakozart.fr\/index.php\/wp-json\/wp\/v2\/types\/page"}],"author":[{"embeddable":true,"href":"https:\/\/barakozart.fr\/index.php\/wp-json\/wp\/v2\/users\/1"}],"replies":[{"embeddable":true,"href":"https:\/\/barakozart.fr\/index.php\/wp-json\/wp\/v2\/comments?post=67"}],"version-history":[{"count":39,"href":"https:\/\/barakozart.fr\/index.php\/wp-json\/wp\/v2\/pages\/67\/revisions"}],"predecessor-version":[{"id":537,"href":"https:\/\/barakozart.fr\/index.php\/wp-json\/wp\/v2\/pages\/67\/revisions\/537"}],"wp:attachment":[{"href":"https:\/\/barakozart.fr\/index.php\/wp-json\/wp\/v2\/media?parent=67"}],"curies":[{"name":"wp","href":"https:\/\/api.w.org\/{rel}","templated":true}]}}