{"id":412,"date":"2022-12-25T16:00:49","date_gmt":"2022-12-25T15:00:49","guid":{"rendered":"http:\/\/barakozart.fr\/index.php\/lassociation-copy-3-copy\/"},"modified":"2023-06-15T01:13:51","modified_gmt":"2023-06-14T23:13:51","slug":"liens","status":"publish","type":"page","link":"https:\/\/barakozart.fr\/index.php\/liens\/","title":{"rendered":"Liens et Partenaires"},"content":{"rendered":"\n<div style=\"height:20px\" aria-hidden=\"true\" class=\"wp-block-spacer\"><\/div>\n\n\n\n<div class=\"wp-block-columns is-layout-flex wp-container-core-columns-is-layout-9d6595d7 wp-block-columns-is-layout-flex\">\n<div class=\"wp-block-column is-layout-flow wp-block-column-is-layout-flow\" style=\"flex-basis:30%\"><\/div>\n\n\n\n<div class=\"wp-block-column is-vertically-aligned-center is-layout-flow wp-block-column-is-layout-flow\" style=\"flex-basis:40%\">\n<hr class=\"wp-block-separator has-text-color has-nv-c-2-color has-alpha-channel-opacity has-nv-c-2-background-color has-background is-style-default\"\/>\n\n\n\n<p class=\"has-text-align-center has-neve-link-hover-color-color has-text-color\" style=\"font-size:14px;font-style:normal;font-weight:400;text-transform:none\"><em> \u201cLa culture, c\u2019est comme la confiture,<\/em><br><em>moins on en a, plus on l\u2019\u00e9tale.\u201d<\/em><br>[<strong>Fran\u00e7oise Sagan<\/strong>]<\/p>\n\n\n\n<hr class=\"wp-block-separator has-text-color has-nv-c-2-color has-alpha-channel-opacity has-nv-c-2-background-color has-background is-style-default\"\/>\n<\/div>\n\n\n\n<div class=\"wp-block-column is-layout-flow wp-block-column-is-layout-flow\" style=\"flex-basis:30%\"><\/div>\n<\/div>\n\n\n\n<div style=\"height:20px\" aria-hidden=\"true\" class=\"wp-block-spacer\"><\/div>\n\n\n\n<div class=\"wp-block-columns is-layout-flex wp-container-core-columns-is-layout-9d6595d7 wp-block-columns-is-layout-flex\">\n<div class=\"wp-block-column is-layout-flow wp-block-column-is-layout-flow\" style=\"flex-basis:100%\">\n<div class=\"wp-block-columns is-layout-flex wp-container-core-columns-is-layout-9d6595d7 wp-block-columns-is-layout-flex\">\n<div class=\"wp-block-column is-vertically-aligned-center is-layout-flow wp-block-column-is-layout-flow\" style=\"flex-basis:65%\">\n<h5 class=\"wp-block-heading has-text-align-right has-neve-link-color-color has-text-color\">Liens vers la page FB de la Barakozart :   <\/h5>\n<\/div>\n\n\n\n<div class=\"wp-block-column is-layout-flow wp-block-column-is-layout-flow\" style=\"flex-basis:35%\">\n<div class=\"wp-block-buttons is-layout-flex wp-block-buttons-is-layout-flex\">\n<div class=\"wp-block-button is-style-secondary\"><a class=\"wp-block-button__link has-neve-link-color-color has-nv-site-bg-background-color has-text-color has-background wp-element-button\" href=\"https:\/\/www.facebook.com\/groups\/1537368186305828\" style=\"border-radius:1px\" target=\"_blank\" rel=\"noreferrer noopener\">Facebook<\/a><\/div>\n<\/div>\n<\/div>\n<\/div>\n<\/div>\n<\/div>\n\n\n\n<hr class=\"wp-block-separator alignwide has-alpha-channel-opacity\"\/>\n\n\n\n<div style=\"height:25px\" aria-hidden=\"true\" class=\"wp-block-spacer\"><\/div>\n\n\n\n<p class=\"has-text-align-center\"><strong>Ils nous soutiennent d&#8217;une mani\u00e8re ou d&#8217;un autre&#8230; Et on les en remercie tr\u00e8s chaleureusement !<\/strong><\/p>\n\n\n\n<div class=\"wp-block-columns is-layout-flex wp-container-core-columns-is-layout-9d6595d7 wp-block-columns-is-layout-flex\">\n<div class=\"wp-block-column is-layout-flow wp-block-column-is-layout-flow\"><div class=\"wp-block-image\">\n<figure class=\"aligncenter size-full is-resized\"><img loading=\"lazy\" decoding=\"async\" src=\"http:\/\/barakozart.fr\/wp-content\/uploads\/2023\/06\/CCSMS_Logo.png\" alt=\"\" class=\"wp-image-957\" width=\"149\" height=\"69\" srcset=\"https:\/\/barakozart.fr\/wp-content\/uploads\/2023\/06\/CCSMS_Logo.png 535w, https:\/\/barakozart.fr\/wp-content\/uploads\/2023\/06\/CCSMS_Logo-300x140.png 300w\" sizes=\"auto, (max-width: 149px) 100vw, 149px\" \/><\/figure>\n<\/div><\/div>\n\n\n\n<div class=\"wp-block-column is-layout-flow wp-block-column-is-layout-flow\"><div class=\"wp-block-image\">\n<figure class=\"aligncenter size-full is-resized\"><img loading=\"lazy\" decoding=\"async\" src=\"http:\/\/barakozart.fr\/wp-content\/uploads\/2023\/06\/St-Quirin_Logo.jpg\" alt=\"\" class=\"wp-image-958\" width=\"69\" height=\"69\" srcset=\"https:\/\/barakozart.fr\/wp-content\/uploads\/2023\/06\/St-Quirin_Logo.jpg 500w, https:\/\/barakozart.fr\/wp-content\/uploads\/2023\/06\/St-Quirin_Logo-300x300.jpg 300w, https:\/\/barakozart.fr\/wp-content\/uploads\/2023\/06\/St-Quirin_Logo-150x150.jpg 150w\" sizes=\"auto, (max-width: 69px) 100vw, 69px\" \/><\/figure>\n<\/div><\/div>\n\n\n\n<div class=\"wp-block-column is-layout-flow wp-block-column-is-layout-flow\"><div class=\"wp-block-image\">\n<figure class=\"aligncenter size-large is-resized\"><img loading=\"lazy\" decoding=\"async\" src=\"http:\/\/barakozart.fr\/wp-content\/uploads\/2023\/06\/Departement_Moselle_Logo2019-1024x450.png\" alt=\"\" class=\"wp-image-959\" width=\"131\" height=\"57\" srcset=\"https:\/\/barakozart.fr\/wp-content\/uploads\/2023\/06\/Departement_Moselle_Logo2019-1024x450.png 1024w, https:\/\/barakozart.fr\/wp-content\/uploads\/2023\/06\/Departement_Moselle_Logo2019-300x132.png 300w, https:\/\/barakozart.fr\/wp-content\/uploads\/2023\/06\/Departement_Moselle_Logo2019-768x337.png 768w, https:\/\/barakozart.fr\/wp-content\/uploads\/2023\/06\/Departement_Moselle_Logo2019.png 1200w\" sizes=\"auto, (max-width: 131px) 100vw, 131px\" \/><\/figure>\n<\/div><\/div>\n\n\n\n<div class=\"wp-block-column is-layout-flow wp-block-column-is-layout-flow\"><div class=\"wp-block-image\">\n<figure class=\"aligncenter size-large is-resized\"><img loading=\"lazy\" decoding=\"async\" src=\"http:\/\/barakozart.fr\/wp-content\/uploads\/2023\/06\/Region-Grand-Est_Logo-1024x343.png\" alt=\"\" class=\"wp-image-960\" width=\"150\" height=\"50\" srcset=\"https:\/\/barakozart.fr\/wp-content\/uploads\/2023\/06\/Region-Grand-Est_Logo-1024x343.png 1024w, https:\/\/barakozart.fr\/wp-content\/uploads\/2023\/06\/Region-Grand-Est_Logo-300x100.png 300w, https:\/\/barakozart.fr\/wp-content\/uploads\/2023\/06\/Region-Grand-Est_Logo-768x257.png 768w, https:\/\/barakozart.fr\/wp-content\/uploads\/2023\/06\/Region-Grand-Est_Logo-1536x514.png 1536w, https:\/\/barakozart.fr\/wp-content\/uploads\/2023\/06\/Region-Grand-Est_Logo.png 1880w\" sizes=\"auto, (max-width: 150px) 100vw, 150px\" \/><\/figure>\n<\/div><\/div>\n\n\n\n<div class=\"wp-block-column is-layout-flow wp-block-column-is-layout-flow\"><div class=\"wp-block-image\">\n<figure class=\"aligncenter size-large is-resized\"><img loading=\"lazy\" decoding=\"async\" src=\"http:\/\/barakozart.fr\/wp-content\/uploads\/2023\/06\/Credit-Mutuel_2-1024x188.jpg\" alt=\"\" class=\"wp-image-962\" width=\"169\" height=\"31\" srcset=\"https:\/\/barakozart.fr\/wp-content\/uploads\/2023\/06\/Credit-Mutuel_2-1024x188.jpg 1024w, https:\/\/barakozart.fr\/wp-content\/uploads\/2023\/06\/Credit-Mutuel_2-300x55.jpg 300w, https:\/\/barakozart.fr\/wp-content\/uploads\/2023\/06\/Credit-Mutuel_2-768x141.jpg 768w, https:\/\/barakozart.fr\/wp-content\/uploads\/2023\/06\/Credit-Mutuel_2-1536x281.jpg 1536w, https:\/\/barakozart.fr\/wp-content\/uploads\/2023\/06\/Credit-Mutuel_2-2048x375.jpg 2048w\" sizes=\"auto, (max-width: 169px) 100vw, 169px\" \/><\/figure>\n<\/div><\/div>\n<\/div>\n\n\n\n<div style=\"height:25px\" aria-hidden=\"true\" class=\"wp-block-spacer\"><\/div>\n\n\n\n<hr class=\"wp-block-separator alignwide has-alpha-channel-opacity\"\/>\n\n\n\n<div style=\"height:20px\" aria-hidden=\"true\" class=\"wp-block-spacer\"><\/div>\n\n\n\n<div class=\"wp-block-columns is-layout-flex wp-container-core-columns-is-layout-9d6595d7 wp-block-columns-is-layout-flex\">\n<div class=\"wp-block-column is-layout-flow wp-block-column-is-layout-flow\"><div class=\"wp-block-image\">\n<figure class=\"aligncenter size-large is-resized\"><img loading=\"lazy\" decoding=\"async\" src=\"http:\/\/barakozart.fr\/wp-content\/uploads\/2023\/06\/PatNath-459x1024.jpg\" alt=\"\" class=\"wp-image-974\" width=\"288\" height=\"642\" srcset=\"https:\/\/barakozart.fr\/wp-content\/uploads\/2023\/06\/PatNath-459x1024.jpg 459w, https:\/\/barakozart.fr\/wp-content\/uploads\/2023\/06\/PatNath-134x300.jpg 134w, https:\/\/barakozart.fr\/wp-content\/uploads\/2023\/06\/PatNath-768x1713.jpg 768w, https:\/\/barakozart.fr\/wp-content\/uploads\/2023\/06\/PatNath-689x1536.jpg 689w, https:\/\/barakozart.fr\/wp-content\/uploads\/2023\/06\/PatNath.jpg 918w\" sizes=\"auto, (max-width: 288px) 100vw, 288px\" \/><\/figure>\n<\/div><\/div>\n\n\n\n<div class=\"wp-block-column is-layout-flow wp-block-column-is-layout-flow\">\n<h5 class=\"wp-block-heading has-neve-link-color-color has-text-color\">Pages de nos amis et voisins<\/h5>\n\n\n\n<p>Centre socioculturel de Sarrebourg :<br><a href=\"https:\/\/www.centre-socio-sarrebourg.fr\" target=\"_blank\" rel=\"noreferrer noopener\">https:\/\/www.centre-socio-sarrebourg.fr<\/a><\/p>\n\n\n\n<p>Caf\u00e9 culturel et associatif Le Cotyl\u00e9don \u00e0 Phalsbourg :<br><a rel=\"noreferrer noopener\" href=\"https:\/\/www.facebook.com\/lecotyledon\/\" target=\"_blank\">https:\/\/www.facebook.com\/lecotyledon\/<\/a><\/p>\n\n\n\n<p>Association DPM \u00e0 Repaix, une institution culturelle, alternative et rurale depuis 1983 :<br><a href=\"http:\/\/dpm-repaix.com\/index.php\/fr\/\" target=\"_blank\" rel=\"noreferrer noopener\">http:\/\/dpm-repaix.com\/index.php\/fr\/<\/a><\/p>\n\n\n\n<p>La Faille \u00e0 Bandonviller :<br><a href=\"https:\/\/www.facebook.com\/people\/La-Faille\/100068485022841\/\" target=\"_blank\" rel=\"noreferrer noopener\">https:\/\/www.facebook.com\/people\/La-Faille\/100068485022841\/<\/a><\/p>\n\n\n\n<p>PEDAC \u00e0 St-Jean de Bassel :<br><a href=\"https:\/\/pedac.wordpress.com\" target=\"_blank\" rel=\"noreferrer noopener\">https:\/\/pedac.wordpress.com<\/a><\/p>\n\n\n\n<p>Snack Chez L\u00e9on \u00e0 Abreschviller :<br><a href=\"https:\/\/www.facebook.com\/snackchezleon\/\" target=\"_blank\" rel=\"noreferrer noopener\">https:\/\/www.facebook.com\/snackchezleon\/<\/a><\/p>\n\n\n\n<p>Restaurant Le Kiboki \u00e0 Turquestein (bien actif culturellement) :<br><a rel=\"noreferrer noopener\" href=\"https:\/\/www.kiboki.fr\/fr\/\" target=\"_blank\">https:\/\/www.kiboki.fr\/fr\/<\/a><\/p>\n<\/div>\n<\/div>\n\n\n\n<div style=\"height:20px\" aria-hidden=\"true\" class=\"wp-block-spacer\"><\/div>\n\n\n\n<div class=\"wp-block-columns is-layout-flex wp-container-core-columns-is-layout-9d6595d7 wp-block-columns-is-layout-flex\">\n<div class=\"wp-block-column is-layout-flow wp-block-column-is-layout-flow\" style=\"flex-basis:30%\"><\/div>\n\n\n\n<div class=\"wp-block-column is-vertically-aligned-center is-layout-flow wp-block-column-is-layout-flow\" style=\"flex-basis:40%\">\n<hr class=\"wp-block-separator has-text-color has-nv-c-2-color has-alpha-channel-opacity has-nv-c-2-background-color has-background is-style-default\"\/>\n\n\n\n<p class=\"has-text-align-center has-neve-link-hover-color-color has-text-color\" style=\"font-size:14px;font-style:normal;font-weight:400;text-transform:none\"><em>&#8220;La culture est l&#8217;un des leviers les plus importants \u00e0 actionner pour r\u00e9habiliter et relancer l&#8217;\u00e9conomie tout en produisant du sens.&#8221; <\/em> [<strong>Proverbe africain<\/strong>]<\/p>\n\n\n\n<hr class=\"wp-block-separator has-text-color has-nv-c-2-color has-alpha-channel-opacity has-nv-c-2-background-color has-background is-style-default\"\/>\n<\/div>\n\n\n\n<div class=\"wp-block-column is-layout-flow wp-block-column-is-layout-flow\" style=\"flex-basis:30%\"><\/div>\n<\/div>\n","protected":false},"excerpt":{"rendered":"<p>\u201cLa culture, c\u2019est comme la confiture,moins on en a, plus on l\u2019\u00e9tale.\u201d[Fran\u00e7oise Sagan] Liens vers la page FB de la Barakozart : Ils nous soutiennent d&#8217;une mani\u00e8re ou d&#8217;un autre&#8230; Et on les en remercie tr\u00e8s chaleureusement ! Pages de nos amis et voisins Centre socioculturel de Sarrebourg :https:\/\/www.centre-socio-sarrebourg.fr Caf\u00e9 culturel et associatif Le Cotyl\u00e9don&hellip;&nbsp;<a href=\"https:\/\/barakozart.fr\/index.php\/liens\/\" class=\"\" rel=\"bookmark\">Read More &raquo;<span class=\"screen-reader-text\">Liens et Partenaires<\/span><\/a><\/p>\n","protected":false},"author":1,"featured_media":0,"parent":0,"menu_order":0,"comment_status":"closed","ping_status":"closed","template":"","meta":{"neve_meta_sidebar":"","neve_meta_container":"","neve_meta_enable_content_width":"","neve_meta_content_width":0,"neve_meta_title_alignment":"","neve_meta_author_avatar":"","neve_post_elements_order":"","neve_meta_disable_header":"","neve_meta_disable_footer":"","neve_meta_disable_title":"","_ti_tpc_template_sync":false,"_ti_tpc_template_id":"","footnotes":""},"class_list":["post-412","page","type-page","status-publish","hentry"],"_links":{"self":[{"href":"https:\/\/barakozart.fr\/index.php\/wp-json\/wp\/v2\/pages\/412","targetHints":{"allow":["GET"]}}],"collection":[{"href":"https:\/\/barakozart.fr\/index.php\/wp-json\/wp\/v2\/pages"}],"about":[{"href":"https:\/\/barakozart.fr\/index.php\/wp-json\/wp\/v2\/types\/page"}],"author":[{"embeddable":true,"href":"https:\/\/barakozart.fr\/index.php\/wp-json\/wp\/v2\/users\/1"}],"replies":[{"embeddable":true,"href":"https:\/\/barakozart.fr\/index.php\/wp-json\/wp\/v2\/comments?post=412"}],"version-history":[{"count":10,"href":"https:\/\/barakozart.fr\/index.php\/wp-json\/wp\/v2\/pages\/412\/revisions"}],"predecessor-version":[{"id":981,"href":"https:\/\/barakozart.fr\/index.php\/wp-json\/wp\/v2\/pages\/412\/revisions\/981"}],"wp:attachment":[{"href":"https:\/\/barakozart.fr\/index.php\/wp-json\/wp\/v2\/media?parent=412"}],"curies":[{"name":"wp","href":"https:\/\/api.w.org\/{rel}","templated":true}]}}