{"id":391,"date":"2022-12-25T14:16:36","date_gmt":"2022-12-25T13:16:36","guid":{"rendered":"http:\/\/barakozart.fr\/index.php\/lassociation-copy-3\/"},"modified":"2023-01-04T01:21:31","modified_gmt":"2023-01-04T00:21:31","slug":"contact","status":"publish","type":"page","link":"https:\/\/barakozart.fr\/index.php\/contact\/","title":{"rendered":"Contact"},"content":{"rendered":"\n<div style=\"height:20px\" aria-hidden=\"true\" class=\"wp-block-spacer\"><\/div>\n\n\n\n<div class=\"wp-block-columns is-layout-flex wp-container-core-columns-is-layout-9d6595d7 wp-block-columns-is-layout-flex\">\n<div class=\"wp-block-column is-layout-flow wp-block-column-is-layout-flow\" style=\"flex-basis:30%\"><\/div>\n\n\n\n<div class=\"wp-block-column is-vertically-aligned-center is-layout-flow wp-block-column-is-layout-flow\" style=\"flex-basis:40%\">\n<hr class=\"wp-block-separator has-text-color has-nv-c-2-color has-alpha-channel-opacity has-nv-c-2-background-color has-background is-style-default\"\/>\n\n\n\n<p class=\"has-text-align-center has-neve-link-hover-color-color has-text-color\" style=\"font-size:14px;font-style:normal;font-weight:400;text-transform:none\"><em> \u201cLa culture n&#8217;est pas un suppl\u00e9ment d&#8217;\u00e2me que s&#8217;offrirait une soci\u00e9t\u00e9 de consommation repue. Elle est notre boussole.\u201d<\/em><br>[<strong>Nicolas Sarkozy<\/strong>]&#8230; la blague ! \ud83d\ude09<\/p>\n\n\n\n<hr class=\"wp-block-separator has-text-color has-nv-c-2-color has-alpha-channel-opacity has-nv-c-2-background-color has-background is-style-default\"\/>\n<\/div>\n\n\n\n<div class=\"wp-block-column is-layout-flow wp-block-column-is-layout-flow\" style=\"flex-basis:30%\"><\/div>\n<\/div>\n\n\n\n<div class=\"wp-block-columns is-layout-flex wp-container-core-columns-is-layout-9d6595d7 wp-block-columns-is-layout-flex\">\n<div class=\"wp-block-column is-layout-flow wp-block-column-is-layout-flow\" style=\"flex-basis:60%\">\n<h5 class=\"has-text-align-left has-neve-link-color-color has-text-color wp-block-heading\">Coordonn\u00e9es et contacts<\/h5>\n\n\n\n<p>Association Parenth\u00e8se<br>118h chemin de la Croix des Missions<br>57560 Saint-Quirin<br>asso.parenthese <em>(arobase)<\/em> barakozart.fr<\/p>\n\n\n\n<p>N\u00b0 de SIRET :<br>817 801 269 00017<\/p>\n\n\n\n<p>Mail : <em>asso.parenthese (arobase) barakozart.fr<\/em><\/p>\n\n\n\n<p>Pr\u00e9sident : Michel KUBLER<br>(0)6 83 68 treize 55<br>michel.kubler<em> (arobase)<\/em> laposte.net<br><br>Tr\u00e9sorier : Patrick VIDAL<br>(0)6 seize 68 88 08<br>patswel<em> (arobase) <\/em>gmail.com<\/p>\n<\/div>\n\n\n\n<div class=\"wp-block-column is-layout-flow wp-block-column-is-layout-flow\" style=\"flex-basis:40%\"><div class=\"wp-block-image\">\n<figure class=\"aligncenter size-large is-resized\"><img loading=\"lazy\" decoding=\"async\" src=\"http:\/\/barakozart.fr\/wp-content\/uploads\/2022\/12\/PatNath-459x1024.jpg\" alt=\"\" class=\"wp-image-427\" width=\"223\" height=\"495\"\/><\/figure>\n<\/div><\/div>\n<\/div>\n\n\n\n<div style=\"height:20px\" aria-hidden=\"true\" class=\"wp-block-spacer\"><\/div>\n\n\n\n<figure class=\"wp-block-image size-large\"><img loading=\"lazy\" decoding=\"async\" width=\"1024\" height=\"461\" src=\"http:\/\/barakozart.fr\/wp-content\/uploads\/2022\/12\/Dehors-1024x461.jpg\" alt=\"\" class=\"wp-image-430\" srcset=\"https:\/\/barakozart.fr\/wp-content\/uploads\/2022\/12\/Dehors-1024x461.jpg 1024w, https:\/\/barakozart.fr\/wp-content\/uploads\/2022\/12\/Dehors-300x135.jpg 300w, https:\/\/barakozart.fr\/wp-content\/uploads\/2022\/12\/Dehors-768x346.jpg 768w, https:\/\/barakozart.fr\/wp-content\/uploads\/2022\/12\/Dehors-1536x692.jpg 1536w, https:\/\/barakozart.fr\/wp-content\/uploads\/2022\/12\/Dehors.jpg 2048w\" sizes=\"auto, (max-width: 1024px) 100vw, 1024px\" \/><\/figure>\n\n\n\n<div style=\"height:35px\" aria-hidden=\"true\" class=\"wp-block-spacer\"><\/div>\n\n\n\n<div class=\"wp-block-columns is-layout-flex wp-container-core-columns-is-layout-9d6595d7 wp-block-columns-is-layout-flex\">\n<div class=\"wp-block-column is-layout-flow wp-block-column-is-layout-flow\" style=\"flex-basis:30%\"><\/div>\n\n\n\n<div class=\"wp-block-column is-vertically-aligned-center is-layout-flow wp-block-column-is-layout-flow\" style=\"flex-basis:40%\">\n<hr class=\"wp-block-separator has-text-color has-nv-c-2-color has-alpha-channel-opacity has-nv-c-2-background-color has-background is-style-default\"\/>\n\n\n\n<p class=\"has-text-align-center has-neve-link-hover-color-color has-text-color\" style=\"font-size:14px;font-style:normal;font-weight:400;text-transform:none\"><em>\u201cLa culture n&#8217;est pas une marchandise. Les peuples veulent \u00e9changer leurs biens mais ils veulent garder leur \u00e2me.&#8221;<\/em> <br>[<strong>Jacques Chirac<\/strong>]<\/p>\n\n\n\n<hr class=\"wp-block-separator has-text-color has-nv-c-2-color has-alpha-channel-opacity has-nv-c-2-background-color has-background is-style-default\"\/>\n<\/div>\n\n\n\n<div class=\"wp-block-column is-layout-flow wp-block-column-is-layout-flow\" style=\"flex-basis:30%\"><\/div>\n<\/div>\n","protected":false},"excerpt":{"rendered":"<p>\u201cLa culture n&#8217;est pas un suppl\u00e9ment d&#8217;\u00e2me que s&#8217;offrirait une soci\u00e9t\u00e9 de consommation repue. Elle est notre boussole.\u201d[Nicolas Sarkozy]&#8230; la blague ! \ud83d\ude09 Coordonn\u00e9es et contacts Association Parenth\u00e8se118h chemin de la Croix des Missions57560 Saint-Quirinasso.parenthese (arobase) barakozart.fr N\u00b0 de SIRET :817 801 269 00017 Mail : asso.parenthese (arobase) barakozart.fr Pr\u00e9sident : Michel KUBLER(0)6 83 68&hellip;&nbsp;<a href=\"https:\/\/barakozart.fr\/index.php\/contact\/\" class=\"\" rel=\"bookmark\">Read More &raquo;<span class=\"screen-reader-text\">Contact<\/span><\/a><\/p>\n","protected":false},"author":1,"featured_media":0,"parent":0,"menu_order":0,"comment_status":"closed","ping_status":"closed","template":"","meta":{"neve_meta_sidebar":"","neve_meta_container":"","neve_meta_enable_content_width":"","neve_meta_content_width":0,"neve_meta_title_alignment":"","neve_meta_author_avatar":"","neve_post_elements_order":"","neve_meta_disable_header":"","neve_meta_disable_footer":"","neve_meta_disable_title":"","_ti_tpc_template_sync":false,"_ti_tpc_template_id":"","footnotes":""},"class_list":["post-391","page","type-page","status-publish","hentry"],"_links":{"self":[{"href":"https:\/\/barakozart.fr\/index.php\/wp-json\/wp\/v2\/pages\/391","targetHints":{"allow":["GET"]}}],"collection":[{"href":"https:\/\/barakozart.fr\/index.php\/wp-json\/wp\/v2\/pages"}],"about":[{"href":"https:\/\/barakozart.fr\/index.php\/wp-json\/wp\/v2\/types\/page"}],"author":[{"embeddable":true,"href":"https:\/\/barakozart.fr\/index.php\/wp-json\/wp\/v2\/users\/1"}],"replies":[{"embeddable":true,"href":"https:\/\/barakozart.fr\/index.php\/wp-json\/wp\/v2\/comments?post=391"}],"version-history":[{"count":21,"href":"https:\/\/barakozart.fr\/index.php\/wp-json\/wp\/v2\/pages\/391\/revisions"}],"predecessor-version":[{"id":707,"href":"https:\/\/barakozart.fr\/index.php\/wp-json\/wp\/v2\/pages\/391\/revisions\/707"}],"wp:attachment":[{"href":"https:\/\/barakozart.fr\/index.php\/wp-json\/wp\/v2\/media?parent=391"}],"curies":[{"name":"wp","href":"https:\/\/api.w.org\/{rel}","templated":true}]}}