{"id":327,"date":"2022-12-24T00:49:07","date_gmt":"2022-12-23T23:49:07","guid":{"rendered":"http:\/\/barakozart.fr\/index.php\/lassociation-copy\/"},"modified":"2023-01-04T00:03:09","modified_gmt":"2023-01-03T23:03:09","slug":"la-barakozart","status":"publish","type":"page","link":"https:\/\/barakozart.fr\/index.php\/la-barakozart\/","title":{"rendered":"Le lieu"},"content":{"rendered":"\n<div style=\"height:20px\" aria-hidden=\"true\" class=\"wp-block-spacer\"><\/div>\n\n\n\n<div class=\"wp-block-columns is-layout-flex wp-container-core-columns-is-layout-9d6595d7 wp-block-columns-is-layout-flex\">\n<div class=\"wp-block-column is-layout-flow wp-block-column-is-layout-flow\" style=\"flex-basis:30%\"><\/div>\n\n\n\n<div class=\"wp-block-column is-vertically-aligned-center is-layout-flow wp-block-column-is-layout-flow\" style=\"flex-basis:40%\">\n<hr class=\"wp-block-separator has-text-color has-nv-c-2-color has-alpha-channel-opacity has-nv-c-2-background-color has-background is-style-default\"\/>\n\n\n\n<p class=\"has-text-align-center has-neve-link-hover-color-color has-text-color\" style=\"font-size:14px;font-style:normal;font-weight:400;text-transform:none\"><em>\u201cLa culture, c&#8217;est comme l&#8217;amour. Il faut y aller \u00e0 petits coups au d\u00e9but pour bien en jouir plus tard.\u201d<\/em>  [<strong>Pierre Desproges<\/strong>]<\/p>\n\n\n\n<hr class=\"wp-block-separator has-text-color has-nv-c-2-color has-alpha-channel-opacity has-nv-c-2-background-color has-background is-style-default\"\/>\n<\/div>\n\n\n\n<div class=\"wp-block-column is-layout-flow wp-block-column-is-layout-flow\" style=\"flex-basis:30%\"><\/div>\n<\/div>\n\n\n\n<h5 class=\"has-text-align-left has-neve-link-color-color has-text-color wp-block-heading\">La BARAKOZART, un lieu alternatif et atypique !<\/h5>\n\n\n\n<p>Dans le but de permettre l&#8217;apprentissage de la musique, mais \u00e9galement pour proposer un lieu de travail et de cr\u00e9ation aux groupes amateurs locaux en demande, l&#8217;association a transform\u00e9 \u00e0 partir de 2009, l&#8217;ancien vestiaire du Football Club, en salle d\u00e9di\u00e9e \u00e0 la culture.<br>Inaugur\u00e9 en 2011, ce lieu baptis\u00e9 &#8220;Barakozart&#8221; connait depuis une notori\u00e9t\u00e9 grandissante dans la r\u00e9gion. Les soir\u00e9es de concerts intimistes et ce qui est devenu le Festival Barakozart fin Aout connaissent de vrais succ\u00e8s. L&#8217;ambiance foresti\u00e8re, familiale et chaleureuse dans ce lieu atypique est toujours tr\u00e8s appr\u00e9ci\u00e9e des spectateurs et musiciens qui s&#8217;y produisent&#8230;<\/p>\n\n\n<div class=\"wp-block-image\">\n<figure class=\"aligncenter size-large\"><img loading=\"lazy\" decoding=\"async\" width=\"1024\" height=\"439\" src=\"http:\/\/barakozart.fr\/wp-content\/uploads\/2022\/12\/WhatsApp-Image-2021-09-20-at-17.15.18-1024x439.jpeg\" alt=\"\" class=\"wp-image-310\" srcset=\"https:\/\/barakozart.fr\/wp-content\/uploads\/2022\/12\/WhatsApp-Image-2021-09-20-at-17.15.18-1024x439.jpeg 1024w, https:\/\/barakozart.fr\/wp-content\/uploads\/2022\/12\/WhatsApp-Image-2021-09-20-at-17.15.18-300x129.jpeg 300w, https:\/\/barakozart.fr\/wp-content\/uploads\/2022\/12\/WhatsApp-Image-2021-09-20-at-17.15.18-768x329.jpeg 768w, https:\/\/barakozart.fr\/wp-content\/uploads\/2022\/12\/WhatsApp-Image-2021-09-20-at-17.15.18-1536x659.jpeg 1536w, https:\/\/barakozart.fr\/wp-content\/uploads\/2022\/12\/WhatsApp-Image-2021-09-20-at-17.15.18.jpeg 1581w\" sizes=\"auto, (max-width: 1024px) 100vw, 1024px\" \/><\/figure>\n<\/div>\n\n\n<div style=\"height:20px\" aria-hidden=\"true\" class=\"wp-block-spacer\"><\/div>\n\n\n\n<p>Depuis plus de 10 ans maintenant, la BARAKOZART propose un espace de cr\u00e9ation et de travail dans les anciens vestiaires du football club. Ce lieu mis \u00e0 disposition par la mairie, dispose d&#8217;une salle chauff\u00e9e et \u00e9quip\u00e9e pour la pratique de la musique live en particulier.<br>Le lieu dispose par ailleurs d&#8217;une salle bar et d&#8217;une autre salle dites &#8220;loges&#8221; (mais non chauff\u00e9es).<br>L&#8217;ext\u00e9rieur y est tr\u00e8s agr\u00e9able, offrant une vue sublime sur le village dans un cadre de verdure.<\/p>\n\n\n<div class=\"wp-block-image\">\n<figure class=\"aligncenter size-large\"><img loading=\"lazy\" decoding=\"async\" width=\"1024\" height=\"501\" src=\"http:\/\/barakozart.fr\/wp-content\/uploads\/2022\/12\/Salle-Musique_02-1-1024x501.jpg\" alt=\"\" class=\"wp-image-330\" srcset=\"https:\/\/barakozart.fr\/wp-content\/uploads\/2022\/12\/Salle-Musique_02-1-1024x501.jpg 1024w, https:\/\/barakozart.fr\/wp-content\/uploads\/2022\/12\/Salle-Musique_02-1-300x147.jpg 300w, https:\/\/barakozart.fr\/wp-content\/uploads\/2022\/12\/Salle-Musique_02-1-768x376.jpg 768w, https:\/\/barakozart.fr\/wp-content\/uploads\/2022\/12\/Salle-Musique_02-1-1536x752.jpg 1536w, https:\/\/barakozart.fr\/wp-content\/uploads\/2022\/12\/Salle-Musique_02-1.jpg 2041w\" sizes=\"auto, (max-width: 1024px) 100vw, 1024px\" \/><\/figure>\n<\/div>\n\n\n<div style=\"height:20px\" aria-hidden=\"true\" class=\"wp-block-spacer\"><\/div>\n\n\n\n<p>Des cours de guitares et de batterie ont \u00e9t\u00e9 donn\u00e9s dans ce lieu pour de nombreux jeunes et moins jeunes quelques ann\u00e9es, et nous sommes ouvert \u00e0 toute nouvelle proposition dans ce domaine si vous avez des projets; des id\u00e9es.<br>Par ailleurs, quelques groupes amateurs locaux y travaillent r\u00e9guli\u00e8rement pour y d\u00e9velopper leur projets musicaux.<br>Le lieu a \u00e9galement d\u00e9j\u00e0 \u00e9t\u00e9 utilis\u00e9 pour des enregistrements d&#8217;album, l&#8217;acoustique y \u00e9tait particuli\u00e8rement bonne (int\u00e9rieur tout bois). Le groupe TRIP y a d&#8217;ailleurs enregistr\u00e9 un de ces albums.<br>C&#8217;est un lieu parfaitement adapt\u00e9 pour des mises au Vert et des r\u00e9sidences de travail pour des artistes, n&#8217;h\u00e9sitez pas \u00e0 nous contacter.<\/p>\n\n\n<div class=\"wp-block-image\">\n<figure class=\"aligncenter size-large\"><img loading=\"lazy\" decoding=\"async\" width=\"1024\" height=\"461\" src=\"http:\/\/barakozart.fr\/wp-content\/uploads\/2022\/12\/10-1024x461.jpg\" alt=\"\" class=\"wp-image-96\" srcset=\"https:\/\/barakozart.fr\/wp-content\/uploads\/2022\/12\/10-1024x461.jpg 1024w, https:\/\/barakozart.fr\/wp-content\/uploads\/2022\/12\/10-300x135.jpg 300w, https:\/\/barakozart.fr\/wp-content\/uploads\/2022\/12\/10-768x346.jpg 768w, https:\/\/barakozart.fr\/wp-content\/uploads\/2022\/12\/10-1536x692.jpg 1536w, https:\/\/barakozart.fr\/wp-content\/uploads\/2022\/12\/10.jpg 2048w\" sizes=\"auto, (max-width: 1024px) 100vw, 1024px\" \/><\/figure>\n<\/div>\n\n\n<div style=\"height:20px\" aria-hidden=\"true\" class=\"wp-block-spacer\"><\/div>\n\n\n\n<p>L&#8217;acc\u00e8s et l&#8217;utilisation du lieu sont simplement conditionn\u00e9s \u00e0 une adh\u00e9sion annuelle \u00e0 l&#8217;association (25\u20ac par utilisateur de la salle).<br>La salle de musique dispose du mat\u00e9riel de base pour des r\u00e9p\u00e9titions de groupes, \u00e0 savoir :<br>&#8211; deux enceinte 12&#8242; Mackie<br>&#8211; une table de mixage Yamaha 8 entr\u00e9es<br>&#8211; une batterie<br>&#8211; des micros et pieds de micros (chants et instru)<br>&#8211; des DI<br>&#8211; des cables XLR et Jack<br><br>Si vous souhaitez devenir utilisateurs de la salle ou simplement vous renseigner sur les possibilit\u00e9s et les modalit\u00e9s d&#8217;utilisation, n&#8217;h\u00e9sitez pas \u00e0 nous contacter.<\/p>\n\n\n\n<div class=\"wp-block-columns is-layout-flex wp-container-core-columns-is-layout-9d6595d7 wp-block-columns-is-layout-flex\">\n<div class=\"wp-block-column is-layout-flow wp-block-column-is-layout-flow\" style=\"flex-basis:45%\"><div class=\"wp-block-image\">\n<figure class=\"aligncenter size-large is-resized\"><img loading=\"lazy\" decoding=\"async\" src=\"http:\/\/barakozart.fr\/wp-content\/uploads\/2022\/12\/Bar_02-1024x707.jpg\" alt=\"\" class=\"wp-image-425\" width=\"362\" height=\"250\" srcset=\"https:\/\/barakozart.fr\/wp-content\/uploads\/2022\/12\/Bar_02-1024x707.jpg 1024w, https:\/\/barakozart.fr\/wp-content\/uploads\/2022\/12\/Bar_02-300x207.jpg 300w, https:\/\/barakozart.fr\/wp-content\/uploads\/2022\/12\/Bar_02-768x530.jpg 768w, https:\/\/barakozart.fr\/wp-content\/uploads\/2022\/12\/Bar_02-1536x1060.jpg 1536w, https:\/\/barakozart.fr\/wp-content\/uploads\/2022\/12\/Bar_02.jpg 1600w\" sizes=\"auto, (max-width: 362px) 100vw, 362px\" \/><\/figure>\n<\/div><\/div>\n\n\n\n<div class=\"wp-block-column is-layout-flow wp-block-column-is-layout-flow\" style=\"flex-basis:55%\"><div class=\"wp-block-image\">\n<figure class=\"aligncenter size-large is-resized\"><img loading=\"lazy\" decoding=\"async\" src=\"http:\/\/barakozart.fr\/wp-content\/uploads\/2022\/12\/11-1-1024x392.jpg\" alt=\"\" class=\"wp-image-308\" width=\"651\" height=\"250\" srcset=\"https:\/\/barakozart.fr\/wp-content\/uploads\/2022\/12\/11-1-1024x392.jpg 1024w, https:\/\/barakozart.fr\/wp-content\/uploads\/2022\/12\/11-1-300x115.jpg 300w, https:\/\/barakozart.fr\/wp-content\/uploads\/2022\/12\/11-1-768x294.jpg 768w, https:\/\/barakozart.fr\/wp-content\/uploads\/2022\/12\/11-1-1536x588.jpg 1536w, https:\/\/barakozart.fr\/wp-content\/uploads\/2022\/12\/11-1.jpg 2042w\" sizes=\"auto, (max-width: 651px) 100vw, 651px\" \/><\/figure>\n<\/div><\/div>\n<\/div>\n\n\n\n<div class=\"wp-block-columns is-layout-flex wp-container-core-columns-is-layout-9d6595d7 wp-block-columns-is-layout-flex\">\n<div class=\"wp-block-column is-layout-flow wp-block-column-is-layout-flow\" style=\"flex-basis:30%\"><\/div>\n\n\n\n<div class=\"wp-block-column is-vertically-aligned-center is-layout-flow wp-block-column-is-layout-flow\" style=\"flex-basis:40%\">\n<hr class=\"wp-block-separator has-text-color has-nv-c-2-color has-alpha-channel-opacity has-nv-c-2-background-color has-background is-style-default\"\/>\n\n\n\n<p class=\"has-text-align-center has-neve-link-hover-color-color has-text-color\" style=\"font-size:14px;font-style:normal;font-weight:400;text-transform:none\"><em> \u201cQuand j&#8217;entends le mot culture,<\/em><br><em>je sors mon carnet de ch\u00e8ques.\u201d <\/em><br>[<strong>Jean-Luc Godard<\/strong>]<\/p>\n\n\n\n<hr class=\"wp-block-separator has-text-color has-nv-c-2-color has-alpha-channel-opacity has-nv-c-2-background-color has-background is-style-default\"\/>\n<\/div>\n\n\n\n<div class=\"wp-block-column is-layout-flow wp-block-column-is-layout-flow\" style=\"flex-basis:30%\"><\/div>\n<\/div>\n","protected":false},"excerpt":{"rendered":"<p>\u201cLa culture, c&#8217;est comme l&#8217;amour. Il faut y aller \u00e0 petits coups au d\u00e9but pour bien en jouir plus tard.\u201d [Pierre Desproges] La BARAKOZART, un lieu alternatif et atypique ! Dans le but de permettre l&#8217;apprentissage de la musique, mais \u00e9galement pour proposer un lieu de travail et de cr\u00e9ation aux groupes amateurs locaux en&hellip;&nbsp;<a href=\"https:\/\/barakozart.fr\/index.php\/la-barakozart\/\" class=\"\" rel=\"bookmark\">Read More &raquo;<span class=\"screen-reader-text\">Le lieu<\/span><\/a><\/p>\n","protected":false},"author":1,"featured_media":0,"parent":0,"menu_order":0,"comment_status":"closed","ping_status":"closed","template":"","meta":{"neve_meta_sidebar":"","neve_meta_container":"","neve_meta_enable_content_width":"","neve_meta_content_width":0,"neve_meta_title_alignment":"","neve_meta_author_avatar":"","neve_post_elements_order":"","neve_meta_disable_header":"","neve_meta_disable_footer":"","neve_meta_disable_title":"","_ti_tpc_template_sync":false,"_ti_tpc_template_id":"","footnotes":""},"class_list":["post-327","page","type-page","status-publish","hentry"],"_links":{"self":[{"href":"https:\/\/barakozart.fr\/index.php\/wp-json\/wp\/v2\/pages\/327","targetHints":{"allow":["GET"]}}],"collection":[{"href":"https:\/\/barakozart.fr\/index.php\/wp-json\/wp\/v2\/pages"}],"about":[{"href":"https:\/\/barakozart.fr\/index.php\/wp-json\/wp\/v2\/types\/page"}],"author":[{"embeddable":true,"href":"https:\/\/barakozart.fr\/index.php\/wp-json\/wp\/v2\/users\/1"}],"replies":[{"embeddable":true,"href":"https:\/\/barakozart.fr\/index.php\/wp-json\/wp\/v2\/comments?post=327"}],"version-history":[{"count":19,"href":"https:\/\/barakozart.fr\/index.php\/wp-json\/wp\/v2\/pages\/327\/revisions"}],"predecessor-version":[{"id":693,"href":"https:\/\/barakozart.fr\/index.php\/wp-json\/wp\/v2\/pages\/327\/revisions\/693"}],"wp:attachment":[{"href":"https:\/\/barakozart.fr\/index.php\/wp-json\/wp\/v2\/media?parent=327"}],"curies":[{"name":"wp","href":"https:\/\/api.w.org\/{rel}","templated":true}]}}