{"id":177,"date":"2022-12-13T13:23:19","date_gmt":"2022-12-13T12:23:19","guid":{"rendered":"http:\/\/barakozart.fr\/?page_id=177"},"modified":"2022-12-25T20:15:06","modified_gmt":"2022-12-25T19:15:06","slug":"presse","status":"publish","type":"page","link":"https:\/\/barakozart.fr\/index.php\/presse\/","title":{"rendered":"Presse"},"content":{"rendered":"\n<div style=\"height:20px\" aria-hidden=\"true\" class=\"wp-block-spacer\"><\/div>\n\n\n\n<div class=\"wp-block-columns is-layout-flex wp-container-core-columns-is-layout-9d6595d7 wp-block-columns-is-layout-flex\">\n<div class=\"wp-block-column is-layout-flow wp-block-column-is-layout-flow\" style=\"flex-basis:30%\"><\/div>\n\n\n\n<div class=\"wp-block-column is-layout-flow wp-block-column-is-layout-flow\" style=\"flex-basis:40%\">\n<hr class=\"wp-block-separator has-text-color has-nv-c-2-color has-alpha-channel-opacity has-nv-c-2-background-color has-background\"\/>\n\n\n\n<p class=\"has-text-align-center has-neve-link-hover-color-color has-text-color\" style=\"font-size:14px\"><em>&#8220;La libert\u00e9 de la presse, c&#8217;est le droit de dire ce que<br>ne pense pas le propri\u00e9taire du journal \u00e0 condition<br>que \u00e7a ne g\u00eane pas les annonceurs.&#8221; <\/em> [<strong>Hannen Swafer<\/strong>]<\/p>\n\n\n\n<hr class=\"wp-block-separator has-text-color has-nv-c-2-color has-alpha-channel-opacity has-nv-c-2-background-color has-background\"\/>\n<\/div>\n\n\n\n<div class=\"wp-block-column is-layout-flow wp-block-column-is-layout-flow\" style=\"flex-basis:30%\"><\/div>\n<\/div>\n\n\n\n<div class=\"wp-block-columns is-layout-flex wp-container-core-columns-is-layout-9d6595d7 wp-block-columns-is-layout-flex\">\n<div class=\"wp-block-column is-layout-flow wp-block-column-is-layout-flow\" style=\"flex-basis:70%\">\n<p class=\"has-neve-text-color-color has-text-color\" style=\"font-size:16px\"><strong>Ils parlent de nous dans la presse locale&#8230;<\/strong> <strong>Et on aime bien \u00e7a <\/strong>!<br>Petite retrospective d&#8217;articles qui ont accompagn\u00e9 nos \u00e9v\u00e9nements depuis 2006.<br>Pour la post\u00e9rit\u00e9 \u00e9lectronique et pour que ces bouts de papiers ne restent pas que dans des classeurs, on les partage ici !<\/p>\n<\/div>\n\n\n\n<div class=\"wp-block-column is-vertically-aligned-top is-layout-flow wp-block-column-is-layout-flow\" style=\"flex-basis:30%\"><div class=\"wp-block-image\">\n<figure class=\"alignleft size-full is-resized\"><img loading=\"lazy\" decoding=\"async\" src=\"http:\/\/barakozart.fr\/wp-content\/uploads\/2022\/12\/Republicainlorrain_2018.jpg\" alt=\"\" class=\"wp-image-450\" width=\"166\" height=\"93\" srcset=\"https:\/\/barakozart.fr\/wp-content\/uploads\/2022\/12\/Republicainlorrain_2018.jpg 870w, https:\/\/barakozart.fr\/wp-content\/uploads\/2022\/12\/Republicainlorrain_2018-300x169.jpg 300w, https:\/\/barakozart.fr\/wp-content\/uploads\/2022\/12\/Republicainlorrain_2018-768x432.jpg 768w\" sizes=\"auto, (max-width: 166px) 100vw, 166px\" \/><\/figure>\n<\/div><\/div>\n<\/div>\n\n\n\n<p class=\"has-text-align-left has-neve-text-color-color has-text-color has-medium-font-size\"><strong>******************<\/strong><\/p>\n\n\n\n<p>2006, l&#8217;association Parenth\u00e8se renait de ses cendres !<\/p>\n\n\n\n<figure class=\"wp-block-image size-large\"><img loading=\"lazy\" decoding=\"async\" width=\"951\" height=\"1024\" src=\"http:\/\/barakozart.fr\/wp-content\/uploads\/2022\/12\/2006_Article_Repu_22-10-951x1024.jpg\" alt=\"\" class=\"wp-image-178\" srcset=\"https:\/\/barakozart.fr\/wp-content\/uploads\/2022\/12\/2006_Article_Repu_22-10-951x1024.jpg 951w, https:\/\/barakozart.fr\/wp-content\/uploads\/2022\/12\/2006_Article_Repu_22-10-279x300.jpg 279w, https:\/\/barakozart.fr\/wp-content\/uploads\/2022\/12\/2006_Article_Repu_22-10-768x827.jpg 768w, https:\/\/barakozart.fr\/wp-content\/uploads\/2022\/12\/2006_Article_Repu_22-10-1427x1536.jpg 1427w, https:\/\/barakozart.fr\/wp-content\/uploads\/2022\/12\/2006_Article_Repu_22-10.jpg 1826w\" sizes=\"auto, (max-width: 951px) 100vw, 951px\" \/><\/figure>\n\n\n\n<div style=\"height:20px\" aria-hidden=\"true\" class=\"wp-block-spacer\"><\/div>\n\n\n\n<p class=\"has-text-align-left has-neve-text-color-color has-text-color has-medium-font-size\"><strong>******************<\/strong><\/p>\n\n\n\n<p>2006, et la relance du Carnaval des enfants au village, qui a eu lieu jusqu&#8217;en 2019 \u00e0 l&#8217;initiative de Parenth\u00e8se<\/p>\n\n\n\n<figure class=\"wp-block-image size-large\"><img loading=\"lazy\" decoding=\"async\" width=\"1024\" height=\"757\" src=\"http:\/\/barakozart.fr\/wp-content\/uploads\/2022\/12\/2007_Article_journal_26-02-1024x757.jpg\" alt=\"\" class=\"wp-image-180\" srcset=\"https:\/\/barakozart.fr\/wp-content\/uploads\/2022\/12\/2007_Article_journal_26-02-1024x757.jpg 1024w, https:\/\/barakozart.fr\/wp-content\/uploads\/2022\/12\/2007_Article_journal_26-02-300x222.jpg 300w, https:\/\/barakozart.fr\/wp-content\/uploads\/2022\/12\/2007_Article_journal_26-02-768x568.jpg 768w, https:\/\/barakozart.fr\/wp-content\/uploads\/2022\/12\/2007_Article_journal_26-02-1536x1136.jpg 1536w, https:\/\/barakozart.fr\/wp-content\/uploads\/2022\/12\/2007_Article_journal_26-02.jpg 1830w\" sizes=\"auto, (max-width: 1024px) 100vw, 1024px\" \/><\/figure>\n\n\n\n<div style=\"height:20px\" aria-hidden=\"true\" class=\"wp-block-spacer\"><\/div>\n\n\n\n<p class=\"has-text-align-left has-neve-text-color-color has-text-color has-medium-font-size\"><strong>******************<\/strong><\/p>\n\n\n\n<p>2006, le d\u00e9but d&#8217;une belle aventure et d&#8217;une beau partenariat avec le Club Vosgien de St-Quirin et l&#8217;\u00e9quipe de Roger Houbre :<br>Celle de la <strong>Marche Gourmande de Saint-Quirin<\/strong>, qui s&#8217;est tenue de 2006 \u00e0 2010<\/p>\n\n\n\n<figure class=\"wp-block-image size-large\"><img loading=\"lazy\" decoding=\"async\" width=\"1024\" height=\"548\" src=\"http:\/\/barakozart.fr\/wp-content\/uploads\/2022\/12\/2006_Article_MG-1024x548.jpg\" alt=\"\" class=\"wp-image-179\" srcset=\"https:\/\/barakozart.fr\/wp-content\/uploads\/2022\/12\/2006_Article_MG-1024x548.jpg 1024w, https:\/\/barakozart.fr\/wp-content\/uploads\/2022\/12\/2006_Article_MG-300x160.jpg 300w, https:\/\/barakozart.fr\/wp-content\/uploads\/2022\/12\/2006_Article_MG-768x411.jpg 768w, https:\/\/barakozart.fr\/wp-content\/uploads\/2022\/12\/2006_Article_MG.jpg 1389w\" sizes=\"auto, (max-width: 1024px) 100vw, 1024px\" \/><\/figure>\n\n\n\n<div style=\"height:20px\" aria-hidden=\"true\" class=\"wp-block-spacer\"><\/div>\n\n\n\n<p class=\"has-text-align-left has-neve-text-color-color has-text-color has-medium-font-size\"><strong>******************<\/strong><\/p>\n\n\n\n<p class=\"has-neve-text-color-color has-text-color\">Printemps 2007, naissance de la f\u00eate du Printemps avec une journ\u00e9e d&#8217;activit\u00e9s diverses en journ\u00e9e pour les jeunes (ateliers sports, initiation musique, cirque, etc), suivie d&#8217;une soir\u00e9e concert \u00e0 la salle des f\u00eates.<\/p>\n\n\n\n<figure class=\"wp-block-image size-large\"><img loading=\"lazy\" decoding=\"async\" width=\"826\" height=\"1024\" src=\"http:\/\/barakozart.fr\/wp-content\/uploads\/2022\/12\/2007_Article_Repu_Avril-826x1024.jpg\" alt=\"\" class=\"wp-image-510\" srcset=\"https:\/\/barakozart.fr\/wp-content\/uploads\/2022\/12\/2007_Article_Repu_Avril-826x1024.jpg 826w, https:\/\/barakozart.fr\/wp-content\/uploads\/2022\/12\/2007_Article_Repu_Avril-242x300.jpg 242w, https:\/\/barakozart.fr\/wp-content\/uploads\/2022\/12\/2007_Article_Repu_Avril-768x952.jpg 768w, https:\/\/barakozart.fr\/wp-content\/uploads\/2022\/12\/2007_Article_Repu_Avril-1239x1536.jpg 1239w, https:\/\/barakozart.fr\/wp-content\/uploads\/2022\/12\/2007_Article_Repu_Avril.jpg 1513w\" sizes=\"auto, (max-width: 826px) 100vw, 826px\" \/><\/figure>\n\n\n\n<div style=\"height:20px\" aria-hidden=\"true\" class=\"wp-block-spacer\"><\/div>\n\n\n\n<p class=\"has-text-align-left has-neve-text-color-color has-text-color has-medium-font-size\"><strong>******************<\/strong><\/p>\n\n\n\n<p>Inauguration de la Barakozart en Aout 2011&#8230; Premi\u00e8re \u00e9dition du Festival du m\u00eame nom !<\/p>\n\n\n\n<figure class=\"wp-block-image size-large is-resized\"><img loading=\"lazy\" decoding=\"async\" src=\"http:\/\/barakozart.fr\/wp-content\/uploads\/2022\/12\/2011_Article_Repu_Barakozart-1024x675.jpg\" alt=\"\" class=\"wp-image-511\" width=\"936\" height=\"617\" srcset=\"https:\/\/barakozart.fr\/wp-content\/uploads\/2022\/12\/2011_Article_Repu_Barakozart-1024x675.jpg 1024w, https:\/\/barakozart.fr\/wp-content\/uploads\/2022\/12\/2011_Article_Repu_Barakozart-300x198.jpg 300w, https:\/\/barakozart.fr\/wp-content\/uploads\/2022\/12\/2011_Article_Repu_Barakozart-768x506.jpg 768w, https:\/\/barakozart.fr\/wp-content\/uploads\/2022\/12\/2011_Article_Repu_Barakozart.jpg 1401w\" sizes=\"auto, (max-width: 936px) 100vw, 936px\" \/><\/figure>\n\n\n\n<div style=\"height:20px\" aria-hidden=\"true\" class=\"wp-block-spacer\"><\/div>\n\n\n\n<p class=\"has-text-align-left has-neve-text-color-color has-text-color has-medium-font-size\"><strong>******************<\/strong><\/p>\n\n\n\n<p>2012, bilan de l&#8217;ann\u00e9e lors de l&#8217;AG de l&#8217;association&#8230; Des ambitions et une belle \u00e9quipe !<\/p>\n\n\n\n<figure class=\"wp-block-image size-large is-resized\"><img loading=\"lazy\" decoding=\"async\" src=\"http:\/\/barakozart.fr\/wp-content\/uploads\/2022\/12\/2012_Article-Repu_AG-1024x847.jpg\" alt=\"\" class=\"wp-image-512\" width=\"893\" height=\"738\" srcset=\"https:\/\/barakozart.fr\/wp-content\/uploads\/2022\/12\/2012_Article-Repu_AG-1024x847.jpg 1024w, https:\/\/barakozart.fr\/wp-content\/uploads\/2022\/12\/2012_Article-Repu_AG-300x248.jpg 300w, https:\/\/barakozart.fr\/wp-content\/uploads\/2022\/12\/2012_Article-Repu_AG-768x635.jpg 768w, https:\/\/barakozart.fr\/wp-content\/uploads\/2022\/12\/2012_Article-Repu_AG-1536x1270.jpg 1536w, https:\/\/barakozart.fr\/wp-content\/uploads\/2022\/12\/2012_Article-Repu_AG.jpg 1800w\" sizes=\"auto, (max-width: 893px) 100vw, 893px\" \/><\/figure>\n\n\n\n<div style=\"height:20px\" aria-hidden=\"true\" class=\"wp-block-spacer\"><\/div>\n\n\n\n<p class=\"has-text-align-left has-neve-text-color-color has-text-color has-medium-font-size\"><strong>******************<\/strong><\/p>\n\n\n\n<p>Proposition de spectacle de Th\u00e9\u00e2tre int\u00e9grant de l&#8217;improvisation pour cette ann\u00e9e 2012.<br>Spectacle sur le th\u00e8me de la folie avec l&#8217;amie H\u00e9l\u00e8ne Oswald \u00e0 l&#8217;affiche.<\/p>\n\n\n\n<figure class=\"wp-block-image size-large is-resized\"><img loading=\"lazy\" decoding=\"async\" src=\"http:\/\/barakozart.fr\/wp-content\/uploads\/2022\/12\/2012_Article-Repu_Theatre-1024x776.jpg\" alt=\"\" class=\"wp-image-524\" width=\"893\" height=\"677\" srcset=\"https:\/\/barakozart.fr\/wp-content\/uploads\/2022\/12\/2012_Article-Repu_Theatre-1024x776.jpg 1024w, https:\/\/barakozart.fr\/wp-content\/uploads\/2022\/12\/2012_Article-Repu_Theatre-300x227.jpg 300w, https:\/\/barakozart.fr\/wp-content\/uploads\/2022\/12\/2012_Article-Repu_Theatre-768x582.jpg 768w, https:\/\/barakozart.fr\/wp-content\/uploads\/2022\/12\/2012_Article-Repu_Theatre.jpg 1400w\" sizes=\"auto, (max-width: 893px) 100vw, 893px\" \/><\/figure>\n\n\n\n<div style=\"height:20px\" aria-hidden=\"true\" class=\"wp-block-spacer\"><\/div>\n\n\n\n<p class=\"has-text-align-left has-neve-text-color-color has-text-color has-medium-font-size\"><strong>******************<\/strong><\/p>\n\n\n\n<p>Le Carnaval des enfants, le Heylock br\u00fbl\u00e9 en fin de cavalcade, une fanfare pour accompagner cela&#8230;<br>Les \u00e9ditions se succ\u00e8dent et apportent des nouveaut\u00e9s \u00e0 chaque \u00e9dition.<br>Ici en 2013, l&#8217;intervention d&#8217;un clown, venu avec son \u00e9cole de cirque depuis Nancy.<\/p>\n\n\n\n<figure class=\"wp-block-image size-large is-resized\"><img loading=\"lazy\" decoding=\"async\" src=\"http:\/\/barakozart.fr\/wp-content\/uploads\/2022\/12\/2013_Article-Repu_Carnaval-bis-679x1024.jpg\" alt=\"\" class=\"wp-image-526\" width=\"446\" height=\"673\" srcset=\"https:\/\/barakozart.fr\/wp-content\/uploads\/2022\/12\/2013_Article-Repu_Carnaval-bis-679x1024.jpg 679w, https:\/\/barakozart.fr\/wp-content\/uploads\/2022\/12\/2013_Article-Repu_Carnaval-bis-199x300.jpg 199w, https:\/\/barakozart.fr\/wp-content\/uploads\/2022\/12\/2013_Article-Repu_Carnaval-bis-768x1159.jpg 768w, https:\/\/barakozart.fr\/wp-content\/uploads\/2022\/12\/2013_Article-Repu_Carnaval-bis.jpg 800w\" sizes=\"auto, (max-width: 446px) 100vw, 446px\" \/><\/figure>\n\n\n\n<div style=\"height:20px\" aria-hidden=\"true\" class=\"wp-block-spacer\"><\/div>\n\n\n\n<p class=\"has-text-align-left has-neve-text-color-color has-text-color has-medium-font-size\"><strong>******************<\/strong><\/p>\n\n\n\n<div style=\"height:20px\" aria-hidden=\"true\" class=\"wp-block-spacer\"><\/div>\n\n\n\n<div style=\"height:20px\" aria-hidden=\"true\" class=\"wp-block-spacer\"><\/div>\n\n\n\n<div class=\"wp-block-columns is-layout-flex wp-container-core-columns-is-layout-9d6595d7 wp-block-columns-is-layout-flex\">\n<div class=\"wp-block-column is-layout-flow wp-block-column-is-layout-flow\" style=\"flex-basis:30%\"><\/div>\n\n\n\n<div class=\"wp-block-column is-layout-flow wp-block-column-is-layout-flow\" style=\"flex-basis:40%\">\n<hr class=\"wp-block-separator has-text-color has-nv-c-2-color has-alpha-channel-opacity has-nv-c-2-background-color has-background\"\/>\n\n\n\n<p class=\"has-text-align-center has-neve-link-hover-color-color has-text-color\" style=\"font-size:14px\"><em>&#8220;Le divertissement pouvant \u00eatre vu par tous, rassemble la famille, tandis que la culture, rejet\u00e9e par certains, la divise&#8221; <\/em> [<strong>Bernard Pivot<\/strong>]<\/p>\n\n\n\n<hr class=\"wp-block-separator has-text-color has-nv-c-2-color has-alpha-channel-opacity has-nv-c-2-background-color has-background\"\/>\n<\/div>\n\n\n\n<div class=\"wp-block-column is-layout-flow wp-block-column-is-layout-flow\" style=\"flex-basis:30%\"><\/div>\n<\/div>\n","protected":false},"excerpt":{"rendered":"<p>&#8220;La libert\u00e9 de la presse, c&#8217;est le droit de dire ce quene pense pas le propri\u00e9taire du journal \u00e0 conditionque \u00e7a ne g\u00eane pas les annonceurs.&#8221; [Hannen Swafer] Ils parlent de nous dans la presse locale&#8230; Et on aime bien \u00e7a !Petite retrospective d&#8217;articles qui ont accompagn\u00e9 nos \u00e9v\u00e9nements depuis 2006.Pour la post\u00e9rit\u00e9 \u00e9lectronique et&hellip;&nbsp;<a href=\"https:\/\/barakozart.fr\/index.php\/presse\/\" class=\"\" rel=\"bookmark\">Read More &raquo;<span class=\"screen-reader-text\">Presse<\/span><\/a><\/p>\n","protected":false},"author":1,"featured_media":0,"parent":0,"menu_order":0,"comment_status":"closed","ping_status":"closed","template":"","meta":{"neve_meta_sidebar":"","neve_meta_container":"","neve_meta_enable_content_width":"","neve_meta_content_width":0,"neve_meta_title_alignment":"","neve_meta_author_avatar":"","neve_post_elements_order":"","neve_meta_disable_header":"","neve_meta_disable_footer":"","neve_meta_disable_title":"","_ti_tpc_template_sync":false,"_ti_tpc_template_id":"","footnotes":""},"class_list":["post-177","page","type-page","status-publish","hentry"],"_links":{"self":[{"href":"https:\/\/barakozart.fr\/index.php\/wp-json\/wp\/v2\/pages\/177","targetHints":{"allow":["GET"]}}],"collection":[{"href":"https:\/\/barakozart.fr\/index.php\/wp-json\/wp\/v2\/pages"}],"about":[{"href":"https:\/\/barakozart.fr\/index.php\/wp-json\/wp\/v2\/types\/page"}],"author":[{"embeddable":true,"href":"https:\/\/barakozart.fr\/index.php\/wp-json\/wp\/v2\/users\/1"}],"replies":[{"embeddable":true,"href":"https:\/\/barakozart.fr\/index.php\/wp-json\/wp\/v2\/comments?post=177"}],"version-history":[{"count":18,"href":"https:\/\/barakozart.fr\/index.php\/wp-json\/wp\/v2\/pages\/177\/revisions"}],"predecessor-version":[{"id":530,"href":"https:\/\/barakozart.fr\/index.php\/wp-json\/wp\/v2\/pages\/177\/revisions\/530"}],"wp:attachment":[{"href":"https:\/\/barakozart.fr\/index.php\/wp-json\/wp\/v2\/media?parent=177"}],"curies":[{"name":"wp","href":"https:\/\/api.w.org\/{rel}","templated":true}]}}